{"id":1250,"date":"2025-02-06T15:52:31","date_gmt":"2025-02-06T15:52:31","guid":{"rendered":"https:\/\/mrrocpedidos.es\/?page_id=1250"},"modified":"2025-02-06T16:09:07","modified_gmt":"2025-02-06T16:09:07","slug":"sobre-nosaltres","status":"publish","type":"page","link":"https:\/\/mrrocpedidos.es\/es\/sobre-nosaltres\/","title":{"rendered":"Nosotros"},"content":{"rendered":"<div data-elementor-type=\"wp-page\" data-elementor-id=\"1250\" class=\"elementor elementor-1250\" data-elementor-post-type=\"page\">\n\t\t\t\t<div class=\"elementor-element elementor-element-2c53e5f e-flex e-con-boxed e-con e-parent\" data-id=\"2c53e5f\" data-element_type=\"container\" data-settings=\"{&quot;background_background&quot;:&quot;classic&quot;}\">\n\t\t\t\t\t<div class=\"e-con-inner\">\n\t\t<div class=\"elementor-element elementor-element-565708e e-con-full e-flex e-con e-child\" data-id=\"565708e\" data-element_type=\"container\">\n\t\t<div class=\"elementor-element elementor-element-f29b445 e-con-full e-flex e-con e-child\" data-id=\"f29b445\" data-element_type=\"container\">\n\t\t<div class=\"elementor-element elementor-element-e17d7ab e-con-full e-flex e-con e-child\" data-id=\"e17d7ab\" data-element_type=\"container\">\n\t\t\t\t<div class=\"elementor-element elementor-element-151b127 elementor-widget elementor-widget-heading\" data-id=\"151b127\" data-element_type=\"widget\" data-widget_type=\"heading.default\">\n\t\t\t\t<div class=\"elementor-widget-container\">\n\t\t\t\t\t<h2 class=\"elementor-heading-title elementor-size-default\">Nosotros\n<\/h2>\t\t\t\t<\/div>\n\t\t\t\t<\/div>\n\t\t\t\t<div class=\"elementor-element elementor-element-6f8c2d5 elementor-widget elementor-widget-heading\" data-id=\"6f8c2d5\" data-element_type=\"widget\" data-widget_type=\"heading.default\">\n\t\t\t\t<div class=\"elementor-widget-container\">\n\t\t\t\t\t<h2 class=\"elementor-heading-title elementor-size-default\">Nosotros\n<\/h2>\t\t\t\t<\/div>\n\t\t\t\t<\/div>\n\t\t\t\t<div class=\"elementor-element elementor-element-f97091b elementor-widget elementor-widget-heading\" data-id=\"f97091b\" data-element_type=\"widget\" data-widget_type=\"heading.default\">\n\t\t\t\t<div class=\"elementor-widget-container\">\n\t\t\t\t\t<h4 class=\"elementor-heading-title elementor-size-default\">Las variedades locales de la comarca del Pened\u00e8s con un m\u00ednimo de envejecimiento de 24 meses en la Bodega.<\/h4>\t\t\t\t<\/div>\n\t\t\t\t<\/div>\n\t\t\t\t<div class=\"elementor-element elementor-element-0b40a66 elementor-widget elementor-widget-heading\" data-id=\"0b40a66\" data-element_type=\"widget\" data-widget_type=\"heading.default\">\n\t\t\t\t<div class=\"elementor-widget-container\">\n\t\t\t\t\t<p class=\"elementor-heading-title elementor-size-default\">Nuestro v\u00ednculo con el Pened\u00e8s comienza en los a\u00f1os 50 cuando el Abuelo Pedro, la paleta de profesi\u00f3n (&#034;Maestro constructor&#034;, como \u00e9l dec\u00eda) compr\u00f3 un pedazo de tierra en la comarca del Pened\u00e8s. Yo no ten\u00eda ninguna intenci\u00f3n de hacer vino, pero tener un espacio con una familia y trabajar la tierra fines de semana para obtener sus frutos (tomates, papas, frijoles!...). Esta propiedad fue bautizado como <strong>&#034;La Vi\u00f1a&#034;.\n\n<\/p>\t\t\t\t<\/div>\n\t\t\t\t<\/div>\n\t\t\t\t<div class=\"elementor-element elementor-element-5bfb8a7 elementor-widget elementor-widget-heading\" data-id=\"5bfb8a7\" data-element_type=\"widget\" data-widget_type=\"heading.default\">\n\t\t\t\t<div class=\"elementor-widget-container\">\n\t\t\t\t\t<p class=\"elementor-heading-title elementor-size-default\">Con el paso del tiempo en el que uno es consciente de que <strong>La Vi\u00f1a<\/strong> fue el canal debido a que la familia se encontr\u00f3 y se mantienen juntos en torno a una actividad. Fue el veh\u00edculo para estar en el campo en la familia. El se\u00f1or ROC naci\u00f3 en 2011, cuando Ingrid y Isaac tomar una copa de vino en la comarca del Pened\u00e8s, que dijo: &#034;\u00bfpor Qu\u00e9 no crear un vino para nuestra familia y amigos? Si todo el mundo alrededor de usted est\u00e1 haciendo, no va a ser tan dif\u00edcil!&#034; El ingenio de las personas menores de 20 a\u00f1os y tan r\u00e1pidamente, se dio cuenta de que no era tan f\u00e1cil.\n\n\n<\/p>\t\t\t\t<\/div>\n\t\t\t\t<\/div>\n\t\t\t\t<\/div>\n\t\t\t\t<\/div>\n\t\t<div class=\"elementor-element elementor-element-97428db e-con-full e-flex e-con e-child\" data-id=\"97428db\" data-element_type=\"container\">\n\t\t\t\t<div class=\"elementor-element elementor-element-99a27b4 elementor-widget elementor-widget-image\" data-id=\"99a27b4\" data-element_type=\"widget\" data-widget_type=\"image.default\">\n\t\t\t\t<div class=\"elementor-widget-container\">\n\t\t\t\t\t\t\t\t\t\t\t\t\t\t\t<img fetchpriority=\"high\" decoding=\"async\" width=\"1024\" height=\"768\" src=\"https:\/\/mrrocpedidos.es\/wp-content\/uploads\/2025\/02\/captura-2252479-1024x768.jpg\" class=\"attachment-large size-large wp-image-1253\" alt=\"\" srcset=\"https:\/\/mrrocpedidos.es\/wp-content\/uploads\/2025\/02\/captura-2252479-1024x768.jpg 1024w, https:\/\/mrrocpedidos.es\/wp-content\/uploads\/2025\/02\/captura-2252479-600x450.jpg 600w, https:\/\/mrrocpedidos.es\/wp-content\/uploads\/2025\/02\/captura-2252479-300x225.jpg 300w, https:\/\/mrrocpedidos.es\/wp-content\/uploads\/2025\/02\/captura-2252479-768x576.jpg 768w, https:\/\/mrrocpedidos.es\/wp-content\/uploads\/2025\/02\/captura-2252479.avif 1280w\" sizes=\"(max-width: 1024px) 100vw, 1024px\" \/>\t\t\t\t\t\t\t\t\t\t\t\t\t\t\t<\/div>\n\t\t\t\t<\/div>\n\t\t\t\t<\/div>\n\t\t\t\t<\/div>\n\t\t<div class=\"elementor-element elementor-element-d7ff7c5 e-con-full e-flex e-con e-child\" data-id=\"d7ff7c5\" data-element_type=\"container\">\n\t\t<div class=\"elementor-element elementor-element-61e9f36 e-con-full e-flex e-con e-child\" data-id=\"61e9f36\" data-element_type=\"container\">\n\t\t\t\t<div class=\"elementor-element elementor-element-b7d44d9 elementor-pagination-position-outside elementor-widget elementor-widget-image-carousel\" data-id=\"b7d44d9\" data-element_type=\"widget\" data-settings=\"{&quot;slides_to_show&quot;:&quot;1&quot;,&quot;navigation&quot;:&quot;dots&quot;,&quot;autoplay&quot;:&quot;yes&quot;,&quot;pause_on_hover&quot;:&quot;yes&quot;,&quot;pause_on_interaction&quot;:&quot;yes&quot;,&quot;autoplay_speed&quot;:5000,&quot;infinite&quot;:&quot;yes&quot;,&quot;effect&quot;:&quot;slide&quot;,&quot;speed&quot;:500}\" data-widget_type=\"image-carousel.default\">\n\t\t\t\t<div class=\"elementor-widget-container\">\n\t\t\t\t\t\t\t<div class=\"elementor-image-carousel-wrapper swiper\" role=\"region\" aria-roledescription=\"carousel\" aria-label=\"Carrusel de im\u00e1genes\" dir=\"ltr\">\n\t\t\t<div class=\"elementor-image-carousel swiper-wrapper\" aria-live=\"off\">\n\t\t\t\t\t\t\t\t<div class=\"swiper-slide\" role=\"group\" aria-roledescription=\"slide\" aria-label=\"1 de 4\"><figure class=\"swiper-slide-inner\"><img decoding=\"async\" class=\"swiper-slide-image\" src=\"https:\/\/mrrocpedidos.es\/wp-content\/uploads\/2025\/02\/nosotros-menestral-1.avif\" alt=\"nosotros-menestral-1\" \/><\/figure><\/div><div class=\"swiper-slide\" role=\"group\" aria-roledescription=\"slide\" aria-label=\"2 de 4\"><figure class=\"swiper-slide-inner\"><img decoding=\"async\" class=\"swiper-slide-image\" src=\"https:\/\/mrrocpedidos.es\/wp-content\/uploads\/2025\/02\/nosotros-menestral-2.avif\" alt=\"nosotros-menestral-2\" \/><\/figure><\/div><div class=\"swiper-slide\" role=\"group\" aria-roledescription=\"slide\" aria-label=\"3 de 4\"><figure class=\"swiper-slide-inner\"><img decoding=\"async\" class=\"swiper-slide-image\" src=\"https:\/\/mrrocpedidos.es\/wp-content\/uploads\/2025\/02\/nosotros-menestral-3.avif\" alt=\"nosotros-menestral-3\" \/><\/figure><\/div><div class=\"swiper-slide\" role=\"group\" aria-roledescription=\"slide\" aria-label=\"4 de 4\"><figure class=\"swiper-slide-inner\"><img decoding=\"async\" class=\"swiper-slide-image\" src=\"https:\/\/mrrocpedidos.es\/wp-content\/uploads\/2025\/02\/nosotros-menestral-4.avif\" alt=\"nosotros-menestral-4\" \/><\/figure><\/div>\t\t\t<\/div>\n\t\t\t\t\t\t\t\n\t\t\t\t\t\t\t\t\t<div class=\"swiper-pagination\"><\/div>\n\t\t\t\t\t\t\t\t\t<\/div>\n\t\t\t\t\t\t<\/div>\n\t\t\t\t<\/div>\n\t\t\t\t<\/div>\n\t\t<div class=\"elementor-element elementor-element-9638ffc e-con-full e-flex e-con e-child\" data-id=\"9638ffc\" data-element_type=\"container\">\n\t\t<div class=\"elementor-element elementor-element-d52ee32 e-con-full e-flex e-con e-child\" data-id=\"d52ee32\" data-element_type=\"container\">\n\t\t\t\t<div class=\"elementor-element elementor-element-97deb74 elementor-widget elementor-widget-heading\" data-id=\"97deb74\" data-element_type=\"widget\" data-widget_type=\"heading.default\">\n\t\t\t\t<div class=\"elementor-widget-container\">\n\t\t\t\t\t<p class=\"elementor-heading-title elementor-size-default\">Plantaron 120 cepas en su primer &#034;Experimento&#034; (como me dijo la madre de Isaac, la Aurora).\n\n\n<\/p>\t\t\t\t<\/div>\n\t\t\t\t<\/div>\n\t\t\t\t<div class=\"elementor-element elementor-element-bc8eaf5 elementor-widget elementor-widget-heading\" data-id=\"bc8eaf5\" data-element_type=\"widget\" data-widget_type=\"heading.default\">\n\t\t\t\t<div class=\"elementor-widget-container\">\n\t\t\t\t\t<p class=\"elementor-heading-title elementor-size-default\">Sarroca (de ah\u00ed el nombre del Se\u00f1or ROC), donde se pudo ver la complejidad del campo y de hacer un buen vino.\n\n\n\n\n<\/p>\t\t\t\t<\/div>\n\t\t\t\t<\/div>\n\t\t\t\t<div class=\"elementor-element elementor-element-a641971 elementor-widget elementor-widget-heading\" data-id=\"a641971\" data-element_type=\"widget\" data-widget_type=\"heading.default\">\n\t\t\t\t<div class=\"elementor-widget-container\">\n\t\t\t\t\t<p class=\"elementor-heading-title elementor-size-default\">A\u00f1os m\u00e1s tarde, en 2015, y despu\u00e9s de la formaci\u00f3n en Enolog\u00eda, conoci\u00f3 a Henry, un agricultor de profesi\u00f3n que les ense\u00f1\u00f3 c\u00f3mo hacer un buen cava. Despu\u00e9s de 2 a\u00f1os de la realizaci\u00f3n de la primera edici\u00f3n, se bautiz\u00f3 a su primer cava con el nombre de los Artesanos.\n\n\n\n\n\n<\/p>\t\t\t\t<\/div>\n\t\t\t\t<\/div>\n\t\t\t\t<\/div>\n\t\t\t\t<\/div>\n\t\t\t\t<\/div>\n\t\t<div class=\"elementor-element elementor-element-0338a4f e-con-full e-flex e-con e-child\" data-id=\"0338a4f\" data-element_type=\"container\">\n\t\t<div class=\"elementor-element elementor-element-d6807a7 e-con-full e-flex e-con e-child\" data-id=\"d6807a7\" data-element_type=\"container\">\n\t\t<div class=\"elementor-element elementor-element-eac02dd e-con-full e-flex e-con e-child\" data-id=\"eac02dd\" data-element_type=\"container\">\n\t\t\t\t<div class=\"elementor-element elementor-element-6bd1caa elementor-widget elementor-widget-heading\" data-id=\"6bd1caa\" data-element_type=\"widget\" data-widget_type=\"heading.default\">\n\t\t\t\t<div class=\"elementor-widget-container\">\n\t\t\t\t\t<p class=\"elementor-heading-title elementor-size-default\">Nuestra misi\u00f3n es mantener el esp\u00edritu vivo de el Abuelo Pedro y el Se\u00f1or ROC es nuestro veh\u00edculo para mantener el v\u00ednculo con nuestra tierra, y la familia y los amigos, no olvidar nunca nuestras ra\u00edces.\n\n\n\n<\/p>\t\t\t\t<\/div>\n\t\t\t\t<\/div>\n\t\t\t\t<div class=\"elementor-element elementor-element-44e5df8 elementor-widget elementor-widget-heading\" data-id=\"44e5df8\" data-element_type=\"widget\" data-widget_type=\"heading.default\">\n\t\t\t\t<div class=\"elementor-widget-container\">\n\t\t\t\t\t<p class=\"elementor-heading-title elementor-size-default\">Para mantenernos vivos y emocionado por el hecho de que la familia del Se\u00f1or ROC est\u00e1 creciendo a diario y este ser\u00e1 nuestro legado para nuestros hijos. Quieres ser parte de la comunidad, el Se\u00f1or ROC?\n\n\n\n\n\n<\/p>\t\t\t\t<\/div>\n\t\t\t\t<\/div>\n\t\t\t\t<\/div>\n\t\t\t\t<\/div>\n\t\t\t\t<\/div>\n\t\t\t\t\t<\/div>\n\t\t\t\t<\/div>\n\t\t\t\t<\/div>","protected":false},"excerpt":{"rendered":"<p>Sobre nosaltres Sobre nosaltres Varietats locals del Pened\u00e8s amb una crian\u00e7a m\u00ednima de 24 mesos al Celler. El nostre vincle amb el Pened\u00e8s comen\u00e7a als anys 50 quan l&#8217;Avi Pere, paleta de professi\u00f3 (&#8220;Mestre d&#8217;obres&#8221; com deia ell) va comprar un tros de terra al Pened\u00e8s. No tenia cap intenci\u00f3 de fer vi, sin\u00f3 de [&hellip;]<\/p>","protected":false},"author":1,"featured_media":0,"parent":0,"menu_order":0,"comment_status":"closed","ping_status":"closed","template":"","meta":{"site-sidebar-layout":"no-sidebar","site-content-layout":"page-builder","ast-site-content-layout":"full-width-container","site-content-style":"unboxed","site-sidebar-style":"unboxed","ast-global-header-display":"","ast-banner-title-visibility":"","ast-main-header-display":"","ast-hfb-above-header-display":"","ast-hfb-below-header-display":"","ast-hfb-mobile-header-display":"","site-post-title":"disabled","ast-breadcrumbs-content":"","ast-featured-img":"disabled","footer-sml-layout":"","theme-transparent-header-meta":"enabled","adv-header-id-meta":"","stick-header-meta":"","header-above-stick-meta":"","header-main-stick-meta":"","header-below-stick-meta":"","astra-migrate-meta-layouts":"set","ast-page-background-enabled":"default","ast-page-background-meta":{"desktop":{"background-color":"","background-image":"","background-repeat":"repeat","background-position":"center center","background-size":"auto","background-attachment":"scroll","background-type":"","background-media":"","overlay-type":"","overlay-color":"","overlay-opacity":"","overlay-gradient":""},"tablet":{"background-color":"","background-image":"","background-repeat":"repeat","background-position":"center center","background-size":"auto","background-attachment":"scroll","background-type":"","background-media":"","overlay-type":"","overlay-color":"","overlay-opacity":"","overlay-gradient":""},"mobile":{"background-color":"","background-image":"","background-repeat":"repeat","background-position":"center center","background-size":"auto","background-attachment":"scroll","background-type":"","background-media":"","overlay-type":"","overlay-color":"","overlay-opacity":"","overlay-gradient":""}},"ast-content-background-meta":{"desktop":{"background-color":"var(--ast-global-color-5)","background-image":"","background-repeat":"repeat","background-position":"center center","background-size":"auto","background-attachment":"scroll","background-type":"","background-media":"","overlay-type":"","overlay-color":"","overlay-opacity":"","overlay-gradient":""},"tablet":{"background-color":"var(--ast-global-color-5)","background-image":"","background-repeat":"repeat","background-position":"center center","background-size":"auto","background-attachment":"scroll","background-type":"","background-media":"","overlay-type":"","overlay-color":"","overlay-opacity":"","overlay-gradient":""},"mobile":{"background-color":"var(--ast-global-color-5)","background-image":"","background-repeat":"repeat","background-position":"center center","background-size":"auto","background-attachment":"scroll","background-type":"","background-media":"","overlay-type":"","overlay-color":"","overlay-opacity":"","overlay-gradient":""}},"footnotes":""},"class_list":["post-1250","page","type-page","status-publish","hentry"],"_links":{"self":[{"href":"https:\/\/mrrocpedidos.es\/es\/wp-json\/wp\/v2\/pages\/1250","targetHints":{"allow":["GET"]}}],"collection":[{"href":"https:\/\/mrrocpedidos.es\/es\/wp-json\/wp\/v2\/pages"}],"about":[{"href":"https:\/\/mrrocpedidos.es\/es\/wp-json\/wp\/v2\/types\/page"}],"author":[{"embeddable":true,"href":"https:\/\/mrrocpedidos.es\/es\/wp-json\/wp\/v2\/users\/1"}],"replies":[{"embeddable":true,"href":"https:\/\/mrrocpedidos.es\/es\/wp-json\/wp\/v2\/comments?post=1250"}],"version-history":[{"count":4,"href":"https:\/\/mrrocpedidos.es\/es\/wp-json\/wp\/v2\/pages\/1250\/revisions"}],"predecessor-version":[{"id":1261,"href":"https:\/\/mrrocpedidos.es\/es\/wp-json\/wp\/v2\/pages\/1250\/revisions\/1261"}],"wp:attachment":[{"href":"https:\/\/mrrocpedidos.es\/es\/wp-json\/wp\/v2\/media?parent=1250"}],"curies":[{"name":"wp","href":"https:\/\/api.w.org\/{rel}","templated":true}]}}