{"id":1295,"date":"2025-02-06T16:35:18","date_gmt":"2025-02-06T16:35:18","guid":{"rendered":"https:\/\/mrrocpedidos.es\/?page_id=1295"},"modified":"2025-02-12T14:28:39","modified_gmt":"2025-02-12T14:28:39","slug":"familia-i-amics-casaments-i-dies-familiars","status":"publish","type":"page","link":"https:\/\/mrrocpedidos.es\/es\/familia-i-amics-casaments-i-dies-familiars\/","title":{"rendered":"La familia y los Amigos, BODAS, D\u00cdA de la FAMILIA"},"content":{"rendered":"<div data-elementor-type=\"wp-page\" data-elementor-id=\"1295\" class=\"elementor elementor-1295\" data-elementor-post-type=\"page\">\n\t\t\t\t<div class=\"elementor-element elementor-element-2c53e5f e-con-full e-flex e-con e-parent\" data-id=\"2c53e5f\" data-element_type=\"container\" data-settings=\"{&quot;background_background&quot;:&quot;classic&quot;}\">\n\t\t<div class=\"elementor-element elementor-element-565708e e-con-full e-flex e-con e-child\" data-id=\"565708e\" data-element_type=\"container\">\n\t\t<div class=\"elementor-element elementor-element-f29b445 e-con-full e-flex e-con e-child\" data-id=\"f29b445\" data-element_type=\"container\">\n\t\t<div class=\"elementor-element elementor-element-e17d7ab e-con-full e-flex e-con e-child\" data-id=\"e17d7ab\" data-element_type=\"container\">\n\t\t\t\t<div class=\"elementor-element elementor-element-151b127 elementor-widget elementor-widget-heading\" data-id=\"151b127\" data-element_type=\"widget\" data-widget_type=\"heading.default\">\n\t\t\t\t<div class=\"elementor-widget-container\">\n\t\t\t\t\t<h2 class=\"elementor-heading-title elementor-size-default\">La familia y los Amigos, BODAS, D\u00cdA de la FAMILIA\n<\/h2>\t\t\t\t<\/div>\n\t\t\t\t<\/div>\n\t\t\t\t<div class=\"elementor-element elementor-element-6f8c2d5 elementor-widget elementor-widget-heading\" data-id=\"6f8c2d5\" data-element_type=\"widget\" data-widget_type=\"heading.default\">\n\t\t\t\t<div class=\"elementor-widget-container\">\n\t\t\t\t\t<h2 class=\"elementor-heading-title elementor-size-default\">Mr. ROC marcar\u00e0 la difer\u00e8ncia al vostre gran dia!\n<\/h2>\t\t\t\t<\/div>\n\t\t\t\t<\/div>\n\t\t\t\t<div class=\"elementor-element elementor-element-92f16d5 elementor-widget elementor-widget-heading\" data-id=\"92f16d5\" data-element_type=\"widget\" data-widget_type=\"heading.default\">\n\t\t\t\t<div class=\"elementor-widget-container\">\n\t\t\t\t\t<p class=\"elementor-heading-title elementor-size-default\">L&#039;equip (la fam\u00edlia \ud83d\ude09 ) contribuir\u00e0 a donar alegria i qualitat als teus convidats en el vostre dia memorable. Serviran copes del cava artes\u00e0 Reserva Brut Nature juntament amb c\u00f2ctels de cava amb alcohol i sense alcohol (Mimosa, Aperol Spritz, Sangria de cava, etc.) a tots els assistents, ajudant a crear un ambient elegant i dist\u00e8s sota demanda. S\u00f3n Bubbles Lovers! Amb diferents opcions adaptades a cada client:\n<\/p>\t\t\t\t<\/div>\n\t\t\t\t<\/div>\n\t\t\t\t<\/div>\n\t\t\t\t<\/div>\n\t\t\t\t<\/div>\n\t\t<div class=\"elementor-element elementor-element-d7ff7c5 e-con-full e-flex e-con e-child\" data-id=\"d7ff7c5\" data-element_type=\"container\">\n\t\t\t\t<div class=\"elementor-element elementor-element-aada6f0 elementor-pagination-position-outside elementor-widget elementor-widget-image-carousel\" data-id=\"aada6f0\" data-element_type=\"widget\" data-settings=\"{&quot;slides_to_show&quot;:&quot;3&quot;,&quot;navigation&quot;:&quot;dots&quot;,&quot;image_spacing_custom&quot;:{&quot;unit&quot;:&quot;px&quot;,&quot;size&quot;:22,&quot;sizes&quot;:[]},&quot;autoplay&quot;:&quot;yes&quot;,&quot;pause_on_hover&quot;:&quot;yes&quot;,&quot;pause_on_interaction&quot;:&quot;yes&quot;,&quot;autoplay_speed&quot;:5000,&quot;infinite&quot;:&quot;yes&quot;,&quot;speed&quot;:500,&quot;image_spacing_custom_tablet&quot;:{&quot;unit&quot;:&quot;px&quot;,&quot;size&quot;:&quot;&quot;,&quot;sizes&quot;:[]},&quot;image_spacing_custom_mobile&quot;:{&quot;unit&quot;:&quot;px&quot;,&quot;size&quot;:&quot;&quot;,&quot;sizes&quot;:[]}}\" data-widget_type=\"image-carousel.default\">\n\t\t\t\t<div class=\"elementor-widget-container\">\n\t\t\t\t\t\t\t<div class=\"elementor-image-carousel-wrapper swiper\" role=\"region\" aria-roledescription=\"carousel\" aria-label=\"Carrusel de im\u00e1genes\" dir=\"ltr\">\n\t\t\t<div class=\"elementor-image-carousel swiper-wrapper\" aria-live=\"off\">\n\t\t\t\t\t\t\t\t<div class=\"swiper-slide\" role=\"group\" aria-roledescription=\"slide\" aria-label=\"1 de 13\" data-no-translation-aria-label=\"\"><figure class=\"swiper-slide-inner\"><img decoding=\"async\" class=\"swiper-slide-image\" src=\"https:\/\/mrrocpedidos.es\/wp-content\/uploads\/2025\/02\/menestral-events-021-2274269.avif\" alt=\"menestral-events-021-2274269\" \/><\/figure><\/div><div class=\"swiper-slide\" role=\"group\" aria-roledescription=\"slide\" aria-label=\"2 de 13\" data-no-translation-aria-label=\"\"><figure class=\"swiper-slide-inner\"><img decoding=\"async\" class=\"swiper-slide-image\" src=\"https:\/\/mrrocpedidos.es\/wp-content\/uploads\/2025\/02\/menestral-events-027-2269606.avif\" alt=\"menestral-events-027-2269606\" \/><\/figure><\/div><div class=\"swiper-slide\" role=\"group\" aria-roledescription=\"slide\" aria-label=\"3 de 13\" data-no-translation-aria-label=\"\"><figure class=\"swiper-slide-inner\"><img decoding=\"async\" class=\"swiper-slide-image\" src=\"https:\/\/mrrocpedidos.es\/wp-content\/uploads\/2025\/02\/menestral-events-020-2252601-2.avif\" alt=\"menestral-events-020-2252601-2\" \/><\/figure><\/div><div class=\"swiper-slide\" role=\"group\" aria-roledescription=\"slide\" aria-label=\"4 de 13\" data-no-translation-aria-label=\"\"><figure class=\"swiper-slide-inner\"><img decoding=\"async\" class=\"swiper-slide-image\" src=\"https:\/\/mrrocpedidos.es\/wp-content\/uploads\/2025\/02\/menestral-events-067-2252618-2.avif\" alt=\"menestral-events-067-2252618-2\" \/><\/figure><\/div><div class=\"swiper-slide\" role=\"group\" aria-roledescription=\"slide\" aria-label=\"5 de 13\" data-no-translation-aria-label=\"\"><figure class=\"swiper-slide-inner\"><img decoding=\"async\" class=\"swiper-slide-image\" src=\"https:\/\/mrrocpedidos.es\/wp-content\/uploads\/2025\/02\/menestral-events-066-2252617-2.avif\" alt=\"menestral-events-066-2252617-2\" \/><\/figure><\/div><div class=\"swiper-slide\" role=\"group\" aria-roledescription=\"slide\" aria-label=\"6 de 13\" data-no-translation-aria-label=\"\"><figure class=\"swiper-slide-inner\"><img decoding=\"async\" class=\"swiper-slide-image\" src=\"https:\/\/mrrocpedidos.es\/wp-content\/uploads\/2025\/02\/menestral-events-065-2252616-2.avif\" alt=\"menestral-events-065-2252616-2\" \/><\/figure><\/div><div class=\"swiper-slide\" role=\"group\" aria-roledescription=\"slide\" aria-label=\"7 de 13\" data-no-translation-aria-label=\"\"><figure class=\"swiper-slide-inner\"><img decoding=\"async\" class=\"swiper-slide-image\" src=\"https:\/\/mrrocpedidos.es\/wp-content\/uploads\/2025\/02\/menestral-events-064-2252615-2.avif\" alt=\"menestral-events-064-2252615-2\" \/><\/figure><\/div><div class=\"swiper-slide\" role=\"group\" aria-roledescription=\"slide\" aria-label=\"8 de 13\" data-no-translation-aria-label=\"\"><figure class=\"swiper-slide-inner\"><img decoding=\"async\" class=\"swiper-slide-image\" src=\"https:\/\/mrrocpedidos.es\/wp-content\/uploads\/2025\/02\/menestral-events-062-2252614-2.avif\" alt=\"menestral-events-062-2252614-2\" \/><\/figure><\/div><div class=\"swiper-slide\" role=\"group\" aria-roledescription=\"slide\" aria-label=\"9 de 13\" data-no-translation-aria-label=\"\"><figure class=\"swiper-slide-inner\"><img decoding=\"async\" class=\"swiper-slide-image\" src=\"https:\/\/mrrocpedidos.es\/wp-content\/uploads\/2025\/02\/menestral-events-061-2252613-2.avif\" alt=\"menestral-events-061-2252613-2\" \/><\/figure><\/div><div class=\"swiper-slide\" role=\"group\" aria-roledescription=\"slide\" aria-label=\"10 de 13\" data-no-translation-aria-label=\"\"><figure class=\"swiper-slide-inner\"><img decoding=\"async\" class=\"swiper-slide-image\" src=\"https:\/\/mrrocpedidos.es\/wp-content\/uploads\/2025\/02\/menestral-events-060-2252612-2.avif\" alt=\"menestral-events-060-2252612-2\" \/><\/figure><\/div><div class=\"swiper-slide\" role=\"group\" aria-roledescription=\"slide\" aria-label=\"11 de 13\" data-no-translation-aria-label=\"\"><figure class=\"swiper-slide-inner\"><img decoding=\"async\" class=\"swiper-slide-image\" src=\"https:\/\/mrrocpedidos.es\/wp-content\/uploads\/2025\/02\/menestral-events-029-2252610-2.avif\" alt=\"menestral-events-029-2252610-2\" \/><\/figure><\/div><div class=\"swiper-slide\" role=\"group\" aria-roledescription=\"slide\" aria-label=\"12 de 13\" data-no-translation-aria-label=\"\"><figure class=\"swiper-slide-inner\"><img decoding=\"async\" class=\"swiper-slide-image\" src=\"https:\/\/mrrocpedidos.es\/wp-content\/uploads\/2025\/02\/menestral-events-025-2252606-2.avif\" alt=\"menestral-events-025-2252606-2\" \/><\/figure><\/div><div class=\"swiper-slide\" role=\"group\" aria-roledescription=\"slide\" aria-label=\"13 de 13\" data-no-translation-aria-label=\"\"><figure class=\"swiper-slide-inner\"><img decoding=\"async\" class=\"swiper-slide-image\" src=\"https:\/\/mrrocpedidos.es\/wp-content\/uploads\/2025\/02\/menestral-events-024-2252605-2.avif\" alt=\"menestral-events-024-2252605-2\" \/><\/figure><\/div>\t\t\t<\/div>\n\t\t\t\t\t\t\t\n\t\t\t\t\t\t\t\t\t<div class=\"swiper-pagination\"><\/div>\n\t\t\t\t\t\t\t\t\t<\/div>\n\t\t\t\t\t\t<\/div>\n\t\t\t\t<\/div>\n\t\t\t\t<\/div>\n\t\t<div class=\"elementor-element elementor-element-f477d93 e-con-full e-flex e-con e-child\" data-id=\"f477d93\" data-element_type=\"container\">\n\t\t<div class=\"elementor-element elementor-element-ac69b0d e-con-full e-flex e-con e-child\" data-id=\"ac69b0d\" data-element_type=\"container\">\n\t\t\t\t<div class=\"elementor-element elementor-element-8701106 elementor-widget elementor-widget-heading\" data-id=\"8701106\" data-element_type=\"widget\" data-widget_type=\"heading.default\">\n\t\t\t\t<div class=\"elementor-widget-container\">\n\t\t\t\t\t<p class=\"elementor-heading-title elementor-size-default\"><strong>- Mr. ROC per al PRE &amp; POST CASAMENT: <\/strong>D\u00f3na la benvinguda o l&#039;ad\u00e9u als teus convidats amb un brunch que inclogui els seus c\u00f2ctels (amb alcohol i sense). Inclou servei de copes de Menestral (Reserva Brut Nature amb una crian\u00e7a m\u00ednima de 24 mesos) i c\u00f2ctels de cava, amb i sense alcohol (Mimosa, Sangria de Cava, Aperol Spritz...).<\/p>\t\t\t\t<\/div>\n\t\t\t\t<\/div>\n\t\t\t\t<div class=\"elementor-element elementor-element-80efcef elementor-widget elementor-widget-heading\" data-id=\"80efcef\" data-element_type=\"widget\" data-widget_type=\"heading.default\">\n\t\t\t\t<div class=\"elementor-widget-container\">\n\t\t\t\t\t<p class=\"elementor-heading-title elementor-size-default\"><strong>- Mr. ROC per a l&#039;APERITIU NOC \/ FI DE LA CERIM\u00d2NIA: <\/strong>C\u00f3rner\/estaci\u00f3 de Bubbles Lovers. Inclou servei de copes de Menestral (Reserva Brut Nature) i c\u00f2ctels de cava, amb i sense alcohol (Mimosa, Sangria de Cava, Aperol Spritz...).<\/p>\t\t\t\t<\/div>\n\t\t\t\t<\/div>\n\t\t\t\t<div class=\"elementor-element elementor-element-5911b05 elementor-widget elementor-widget-heading\" data-id=\"5911b05\" data-element_type=\"widget\" data-widget_type=\"heading.default\">\n\t\t\t\t<div class=\"elementor-widget-container\">\n\t\t\t\t\t<p class=\"elementor-heading-title elementor-size-default\"><strong>- LA PR\u00c8VIA de la BARRA LLIURE amb Mr. ROC: <\/strong>Pistola de sortida del ball amb un c\u00f3rner\/estaci\u00f3 de Bubbles Lovers. Inclou servei de copes de Menestral (Reserva Brut Nature) i c\u00f2ctels de cava, amb i sense alcohol (Mimosa, Sangria de Cava, Aperol Spritz...).<\/p>\t\t\t\t<\/div>\n\t\t\t\t<\/div>\n\t\t\t\t<div class=\"elementor-element elementor-element-ccfcac1 elementor-widget elementor-widget-heading\" data-id=\"ccfcac1\" data-element_type=\"widget\" data-widget_type=\"heading.default\">\n\t\t\t\t<div class=\"elementor-widget-container\">\n\t\t\t\t\t<p class=\"elementor-heading-title elementor-size-default\"><strong>- MARIDATGE DE CAVA AMB OSTRES: <\/strong>Proposen un c\u00f3rner\/estaci\u00f3 de Bubbles Lovers amb Ostres i\/o marisc de primera qualitat.<\/p>\t\t\t\t<\/div>\n\t\t\t\t<\/div>\n\t\t\t\t<div class=\"elementor-element elementor-element-4dd0082 elementor-widget elementor-widget-heading\" data-id=\"4dd0082\" data-element_type=\"widget\" data-widget_type=\"heading.default\">\n\t\t\t\t<div class=\"elementor-widget-container\">\n\t\t\t\t\t<p class=\"elementor-heading-title elementor-size-default\">S&#039;adapten a les necessitats dels nuvis i a l&#039;estil de l&#039;enlla\u00e7, ja que les parelles s\u00f3n les protagonistes i qui han de decidir com volen organitzar el dia. Confieu en els professionals de Mr. ROC i us assegurem que el vostre gran dia ser\u00e0 inoblidable!\n\n<\/p>\t\t\t\t<\/div>\n\t\t\t\t<\/div>\n\t\t\t\t<\/div>\n\t\t\t\t<\/div>\n\t\t<div class=\"elementor-element elementor-element-bfb21b1 e-con-full e-flex e-con e-child\" data-id=\"bfb21b1\" data-element_type=\"container\">\n\t\t<div class=\"elementor-element elementor-element-df4148d e-con-full e-flex e-con e-child\" data-id=\"df4148d\" data-element_type=\"container\">\n\t\t\t\t<div class=\"elementor-element elementor-element-1f3dab9 elementor-widget elementor-widget-image\" data-id=\"1f3dab9\" data-element_type=\"widget\" data-widget_type=\"image.default\">\n\t\t\t\t<div class=\"elementor-widget-container\">\n\t\t\t\t\t\t\t\t\t\t\t\t\t\t\t<img fetchpriority=\"high\" decoding=\"async\" width=\"1024\" height=\"682\" src=\"https:\/\/mrrocpedidos.es\/wp-content\/uploads\/2025\/02\/photo-2023-11-23-16-23-34-1024x682.jpg\" class=\"attachment-large size-large wp-image-1312\" alt=\"\" srcset=\"https:\/\/mrrocpedidos.es\/wp-content\/uploads\/2025\/02\/photo-2023-11-23-16-23-34-1024x682.jpg 1024w, https:\/\/mrrocpedidos.es\/wp-content\/uploads\/2025\/02\/photo-2023-11-23-16-23-34-600x400.jpg 600w, https:\/\/mrrocpedidos.es\/wp-content\/uploads\/2025\/02\/photo-2023-11-23-16-23-34-300x200.jpg 300w, https:\/\/mrrocpedidos.es\/wp-content\/uploads\/2025\/02\/photo-2023-11-23-16-23-34-768x512.jpg 768w, https:\/\/mrrocpedidos.es\/wp-content\/uploads\/2025\/02\/photo-2023-11-23-16-23-34.avif 1280w\" sizes=\"(max-width: 1024px) 100vw, 1024px\" \/>\t\t\t\t\t\t\t\t\t\t\t\t\t\t\t<\/div>\n\t\t\t\t<\/div>\n\t\t\t\t<\/div>\n\t\t<div class=\"elementor-element elementor-element-95462a2 e-con-full e-flex e-con e-child\" data-id=\"95462a2\" data-element_type=\"container\">\n\t\t\t\t<div class=\"elementor-element elementor-element-c0ed689 elementor-widget elementor-widget-image\" data-id=\"c0ed689\" data-element_type=\"widget\" data-widget_type=\"image.default\">\n\t\t\t\t<div class=\"elementor-widget-container\">\n\t\t\t\t\t\t\t\t\t\t\t\t\t\t\t<img decoding=\"async\" width=\"1024\" height=\"682\" src=\"https:\/\/mrrocpedidos.es\/wp-content\/uploads\/2025\/02\/photo-2023-11-21-16-29-43-1024x682.jpg\" class=\"attachment-large size-large wp-image-1313\" alt=\"\" srcset=\"https:\/\/mrrocpedidos.es\/wp-content\/uploads\/2025\/02\/photo-2023-11-21-16-29-43-1024x682.jpg 1024w, https:\/\/mrrocpedidos.es\/wp-content\/uploads\/2025\/02\/photo-2023-11-21-16-29-43-600x400.jpg 600w, https:\/\/mrrocpedidos.es\/wp-content\/uploads\/2025\/02\/photo-2023-11-21-16-29-43-300x200.jpg 300w, https:\/\/mrrocpedidos.es\/wp-content\/uploads\/2025\/02\/photo-2023-11-21-16-29-43-768x512.jpg 768w, https:\/\/mrrocpedidos.es\/wp-content\/uploads\/2025\/02\/photo-2023-11-21-16-29-43.avif 1280w\" sizes=\"(max-width: 1024px) 100vw, 1024px\" \/>\t\t\t\t\t\t\t\t\t\t\t\t\t\t\t<\/div>\n\t\t\t\t<\/div>\n\t\t\t\t<\/div>\n\t\t\t\t<\/div>\n\t\t<div class=\"elementor-element elementor-element-73066ba e-con-full e-flex e-con e-child\" data-id=\"73066ba\" data-element_type=\"container\" data-settings=\"{&quot;background_background&quot;:&quot;classic&quot;}\">\n\t\t<div class=\"elementor-element elementor-element-ed65022 e-con-full e-flex e-con e-child\" data-id=\"ed65022\" data-element_type=\"container\">\n\t\t\t\t<div class=\"elementor-element elementor-element-099c875 elementor-widget elementor-widget-heading\" data-id=\"099c875\" data-element_type=\"widget\" data-widget_type=\"heading.default\">\n\t\t\t\t<div class=\"elementor-widget-container\">\n\t\t\t\t\t<h2 class=\"elementor-heading-title elementor-size-default\">Necessites m\u00e9s informaci\u00f3?\n\n<\/h2>\t\t\t\t<\/div>\n\t\t\t\t<\/div>\n\t\t\t\t<div class=\"elementor-element elementor-element-2678c84 elementor-align-center elementor-widget elementor-widget-button\" data-id=\"2678c84\" data-element_type=\"widget\" data-widget_type=\"button.default\">\n\t\t\t\t<div class=\"elementor-widget-container\">\n\t\t\t\t\t\t\t\t\t<div class=\"elementor-button-wrapper\">\n\t\t\t\t\t<a class=\"elementor-button elementor-button-link elementor-size-sm\" href=\"https:\/\/mrrocpedidos.es\/es\/contacte\/\">\n\t\t\t\t\t\t<span class=\"elementor-button-content-wrapper\">\n\t\t\t\t\t\t\t\t\t<span class=\"elementor-button-text\">Contacta con nosotros<\/span>\n\t\t\t\t\t<\/span>\n\t\t\t\t\t<\/a>\n\t\t\t\t<\/div>\n\t\t\t\t\t\t\t\t<\/div>\n\t\t\t\t<\/div>\n\t\t\t\t<\/div>\n\t\t\t\t<\/div>\n\t\t\t\t<\/div>\n\t\t\t\t<\/div>","protected":false},"excerpt":{"rendered":"<p>Fam\u00edlia i Amics: CASAMENTS I DIES FAMILIARS Mr. ROC marcar\u00e0 la difer\u00e8ncia al vostre gran dia! L&#8217;equip (la fam\u00edlia \ud83d\ude09 ) contribuir\u00e0 a donar alegria i qualitat als teus convidats en el vostre dia memorable. Serviran copes del cava artes\u00e0 Reserva Brut Nature juntament amb c\u00f2ctels de cava amb alcohol i sense alcohol (Mimosa, Aperol [&hellip;]<\/p>","protected":false},"author":1,"featured_media":0,"parent":0,"menu_order":0,"comment_status":"closed","ping_status":"closed","template":"","meta":{"site-sidebar-layout":"no-sidebar","site-content-layout":"page-builder","ast-site-content-layout":"full-width-container","site-content-style":"unboxed","site-sidebar-style":"unboxed","ast-global-header-display":"","ast-banner-title-visibility":"","ast-main-header-display":"","ast-hfb-above-header-display":"","ast-hfb-below-header-display":"","ast-hfb-mobile-header-display":"","site-post-title":"disabled","ast-breadcrumbs-content":"","ast-featured-img":"disabled","footer-sml-layout":"","theme-transparent-header-meta":"enabled","adv-header-id-meta":"","stick-header-meta":"","header-above-stick-meta":"","header-main-stick-meta":"","header-below-stick-meta":"","astra-migrate-meta-layouts":"set","ast-page-background-enabled":"default","ast-page-background-meta":{"desktop":{"background-color":"","background-image":"","background-repeat":"repeat","background-position":"center center","background-size":"auto","background-attachment":"scroll","background-type":"","background-media":"","overlay-type":"","overlay-color":"","overlay-opacity":"","overlay-gradient":""},"tablet":{"background-color":"","background-image":"","background-repeat":"repeat","background-position":"center center","background-size":"auto","background-attachment":"scroll","background-type":"","background-media":"","overlay-type":"","overlay-color":"","overlay-opacity":"","overlay-gradient":""},"mobile":{"background-color":"","background-image":"","background-repeat":"repeat","background-position":"center center","background-size":"auto","background-attachment":"scroll","background-type":"","background-media":"","overlay-type":"","overlay-color":"","overlay-opacity":"","overlay-gradient":""}},"ast-content-background-meta":{"desktop":{"background-color":"var(--ast-global-color-5)","background-image":"","background-repeat":"repeat","background-position":"center center","background-size":"auto","background-attachment":"scroll","background-type":"","background-media":"","overlay-type":"","overlay-color":"","overlay-opacity":"","overlay-gradient":""},"tablet":{"background-color":"var(--ast-global-color-5)","background-image":"","background-repeat":"repeat","background-position":"center center","background-size":"auto","background-attachment":"scroll","background-type":"","background-media":"","overlay-type":"","overlay-color":"","overlay-opacity":"","overlay-gradient":""},"mobile":{"background-color":"var(--ast-global-color-5)","background-image":"","background-repeat":"repeat","background-position":"center center","background-size":"auto","background-attachment":"scroll","background-type":"","background-media":"","overlay-type":"","overlay-color":"","overlay-opacity":"","overlay-gradient":""}},"footnotes":""},"class_list":["post-1295","page","type-page","status-publish","hentry"],"_links":{"self":[{"href":"https:\/\/mrrocpedidos.es\/es\/wp-json\/wp\/v2\/pages\/1295","targetHints":{"allow":["GET"]}}],"collection":[{"href":"https:\/\/mrrocpedidos.es\/es\/wp-json\/wp\/v2\/pages"}],"about":[{"href":"https:\/\/mrrocpedidos.es\/es\/wp-json\/wp\/v2\/types\/page"}],"author":[{"embeddable":true,"href":"https:\/\/mrrocpedidos.es\/es\/wp-json\/wp\/v2\/users\/1"}],"replies":[{"embeddable":true,"href":"https:\/\/mrrocpedidos.es\/es\/wp-json\/wp\/v2\/comments?post=1295"}],"version-history":[{"count":10,"href":"https:\/\/mrrocpedidos.es\/es\/wp-json\/wp\/v2\/pages\/1295\/revisions"}],"predecessor-version":[{"id":1416,"href":"https:\/\/mrrocpedidos.es\/es\/wp-json\/wp\/v2\/pages\/1295\/revisions\/1416"}],"wp:attachment":[{"href":"https:\/\/mrrocpedidos.es\/es\/wp-json\/wp\/v2\/media?parent=1295"}],"curies":[{"name":"wp","href":"https:\/\/api.w.org\/{rel}","templated":true}]}}