{"id":1317,"date":"2025-02-06T16:46:17","date_gmt":"2025-02-06T16:46:17","guid":{"rendered":"https:\/\/mrrocpedidos.es\/?page_id=1317"},"modified":"2025-02-12T14:29:08","modified_gmt":"2025-02-12T14:29:08","slug":"corporatiu","status":"publish","type":"page","link":"https:\/\/mrrocpedidos.es\/es\/corporatiu\/","title":{"rendered":"Corporativo"},"content":{"rendered":"<div data-elementor-type=\"wp-page\" data-elementor-id=\"1317\" class=\"elementor elementor-1317\" data-elementor-post-type=\"page\">\n\t\t\t\t<div class=\"elementor-element elementor-element-2c53e5f e-con-full e-flex e-con e-parent\" data-id=\"2c53e5f\" data-element_type=\"container\" data-settings=\"{&quot;background_background&quot;:&quot;classic&quot;}\">\n\t\t<div class=\"elementor-element elementor-element-565708e e-con-full e-flex e-con e-child\" data-id=\"565708e\" data-element_type=\"container\">\n\t\t<div class=\"elementor-element elementor-element-f29b445 e-con-full e-flex e-con e-child\" data-id=\"f29b445\" data-element_type=\"container\">\n\t\t<div class=\"elementor-element elementor-element-e17d7ab e-con-full e-flex e-con e-child\" data-id=\"e17d7ab\" data-element_type=\"container\">\n\t\t\t\t<div class=\"elementor-element elementor-element-151b127 elementor-widget elementor-widget-heading\" data-id=\"151b127\" data-element_type=\"widget\" data-widget_type=\"heading.default\">\n\t\t\t\t<div class=\"elementor-widget-container\">\n\t\t\t\t\t<h2 class=\"elementor-heading-title elementor-size-default\">Corporativo<\/h2>\t\t\t\t<\/div>\n\t\t\t\t<\/div>\n\t\t\t\t<div class=\"elementor-element elementor-element-6f8c2d5 elementor-widget elementor-widget-heading\" data-id=\"6f8c2d5\" data-element_type=\"widget\" data-widget_type=\"heading.default\">\n\t\t\t\t<div class=\"elementor-widget-container\">\n\t\t\t\t\t<h2 class=\"elementor-heading-title elementor-size-default\">A Mr. ROC t'ajudem a crear dies perfectes per fer equip i empresa.\n<\/h2>\t\t\t\t<\/div>\n\t\t\t\t<\/div>\n\t\t\t\t<div class=\"elementor-element elementor-element-92f16d5 elementor-widget elementor-widget-heading\" data-id=\"92f16d5\" data-element_type=\"widget\" data-widget_type=\"heading.default\">\n\t\t\t\t<div class=\"elementor-widget-container\">\n\t\t\t\t\t<p class=\"elementor-heading-title elementor-size-default\">Explica'ns qu\u00e8 busques i treballem junts.\n\n<\/p>\t\t\t\t<\/div>\n\t\t\t\t<\/div>\n\t\t\t\t<div class=\"elementor-element elementor-element-cfaa536 elementor-widget elementor-widget-heading\" data-id=\"cfaa536\" data-element_type=\"widget\" data-widget_type=\"heading.default\">\n\t\t\t\t<div class=\"elementor-widget-container\">\n\t\t\t\t\t<p class=\"elementor-heading-title elementor-size-default\">Et deixes aconsellar?  Aqu\u00ed les nostres propostes:\n\n\n<\/p>\t\t\t\t<\/div>\n\t\t\t\t<\/div>\n\t\t\t\t<\/div>\n\t\t\t\t<\/div>\n\t\t\t\t<\/div>\n\t\t<div class=\"elementor-element elementor-element-f477d93 e-con-full e-flex e-con e-child\" data-id=\"f477d93\" data-element_type=\"container\">\n\t\t<div class=\"elementor-element elementor-element-ac69b0d e-con-full e-flex e-con e-child\" data-id=\"ac69b0d\" data-element_type=\"container\">\n\t\t\t\t<div class=\"elementor-element elementor-element-8701106 elementor-widget elementor-widget-heading\" data-id=\"8701106\" data-element_type=\"widget\" data-widget_type=\"heading.default\">\n\t\t\t\t<div class=\"elementor-widget-container\">\n\t\t\t\t\t<p class=\"elementor-heading-title elementor-size-default\"><strong>- Bubbles Lovers Business Case: <\/strong>On expliquem com hem creat Mr.ROC, des de 0 fins a produir m\u00e9s de 1.000 ampolles d'escum\u00f3s Reserva Brut Nature sense ser una empresa amb arrels vin\u00edcoles.<\/p>\t\t\t\t<\/div>\n\t\t\t\t<\/div>\n\t\t\t\t<div class=\"elementor-element elementor-element-4dd0082 elementor-widget elementor-widget-heading\" data-id=\"4dd0082\" data-element_type=\"widget\" data-widget_type=\"heading.default\">\n\t\t\t\t<div class=\"elementor-widget-container\">\n\t\t\t\t\t<p class=\"elementor-heading-title elementor-size-default\">Creiem que podem aportar motivaci\u00f3 i acompanyar l\u00b4experi\u00e8ncia amb un tast del nostre Menestral, som els <strong>Bubbles Lovers!\n\n\n<\/p>\t\t\t\t<\/div>\n\t\t\t\t<\/div>\n\t\t\t\t<div class=\"elementor-element elementor-element-45fc263 elementor-widget elementor-widget-heading\" data-id=\"45fc263\" data-element_type=\"widget\" data-widget_type=\"heading.default\">\n\t\t\t\t<div class=\"elementor-widget-container\">\n\t\t\t\t\t<p class=\"elementor-heading-title elementor-size-default\">Hem realitzat presentacions davant d'empreses europees que estaven de viatge de \u201cTeam building\u201d a Barcelona.\n\n\n\n<\/p>\t\t\t\t<\/div>\n\t\t\t\t<\/div>\n\t\t\t\t<\/div>\n\t\t\t\t<\/div>\n\t\t<div class=\"elementor-element elementor-element-73066ba e-con-full e-flex e-con e-child\" data-id=\"73066ba\" data-element_type=\"container\" data-settings=\"{&quot;background_background&quot;:&quot;classic&quot;}\">\n\t\t<div class=\"elementor-element elementor-element-ed65022 e-con-full e-flex e-con e-child\" data-id=\"ed65022\" data-element_type=\"container\">\n\t\t\t\t<div class=\"elementor-element elementor-element-099c875 elementor-widget elementor-widget-heading\" data-id=\"099c875\" data-element_type=\"widget\" data-widget_type=\"heading.default\">\n\t\t\t\t<div class=\"elementor-widget-container\">\n\t\t\t\t\t<h2 class=\"elementor-heading-title elementor-size-default\">\u00a1Expl\u00edcanos qu\u00e9 buscas y trabajamos juntos!\n\n\n<\/h2>\t\t\t\t<\/div>\n\t\t\t\t<\/div>\n\t\t\t\t<div class=\"elementor-element elementor-element-2678c84 elementor-align-center elementor-widget elementor-widget-button\" data-id=\"2678c84\" data-element_type=\"widget\" data-widget_type=\"button.default\">\n\t\t\t\t<div class=\"elementor-widget-container\">\n\t\t\t\t\t\t\t\t\t<div class=\"elementor-button-wrapper\">\n\t\t\t\t\t<a class=\"elementor-button elementor-button-link elementor-size-sm\" href=\"https:\/\/mrrocpedidos.es\/es\/contacte\/\">\n\t\t\t\t\t\t<span class=\"elementor-button-content-wrapper\">\n\t\t\t\t\t\t\t\t\t<span class=\"elementor-button-text\">Cont\u00e1ctenos<\/span>\n\t\t\t\t\t<\/span>\n\t\t\t\t\t<\/a>\n\t\t\t\t<\/div>\n\t\t\t\t\t\t\t\t<\/div>\n\t\t\t\t<\/div>\n\t\t\t\t<\/div>\n\t\t\t\t<\/div>\n\t\t\t\t<\/div>\n\t\t\t\t<\/div>","protected":false},"excerpt":{"rendered":"<p>Corporatiu A Mr. ROC t&#8217;ajudem a crear dies perfectes per fer equip i empresa. Explica&#8217;ns qu\u00e8 busques i treballem junts. Et deixes aconsellar? Aqu\u00ed les nostres propostes: &#8211; Bubbles Lovers Business Case: On expliquem com hem creat Mr.ROC, des de 0 fins a produir m\u00e9s de 1.000 ampolles d&#8217;escum\u00f3s Reserva Brut Nature sense ser una [&hellip;]<\/p>","protected":false},"author":1,"featured_media":0,"parent":0,"menu_order":0,"comment_status":"closed","ping_status":"closed","template":"","meta":{"site-sidebar-layout":"no-sidebar","site-content-layout":"page-builder","ast-site-content-layout":"full-width-container","site-content-style":"unboxed","site-sidebar-style":"unboxed","ast-global-header-display":"","ast-banner-title-visibility":"","ast-main-header-display":"","ast-hfb-above-header-display":"","ast-hfb-below-header-display":"","ast-hfb-mobile-header-display":"","site-post-title":"disabled","ast-breadcrumbs-content":"","ast-featured-img":"disabled","footer-sml-layout":"","theme-transparent-header-meta":"enabled","adv-header-id-meta":"","stick-header-meta":"","header-above-stick-meta":"","header-main-stick-meta":"","header-below-stick-meta":"","astra-migrate-meta-layouts":"set","ast-page-background-enabled":"default","ast-page-background-meta":{"desktop":{"background-color":"","background-image":"","background-repeat":"repeat","background-position":"center center","background-size":"auto","background-attachment":"scroll","background-type":"","background-media":"","overlay-type":"","overlay-color":"","overlay-opacity":"","overlay-gradient":""},"tablet":{"background-color":"","background-image":"","background-repeat":"repeat","background-position":"center center","background-size":"auto","background-attachment":"scroll","background-type":"","background-media":"","overlay-type":"","overlay-color":"","overlay-opacity":"","overlay-gradient":""},"mobile":{"background-color":"","background-image":"","background-repeat":"repeat","background-position":"center center","background-size":"auto","background-attachment":"scroll","background-type":"","background-media":"","overlay-type":"","overlay-color":"","overlay-opacity":"","overlay-gradient":""}},"ast-content-background-meta":{"desktop":{"background-color":"var(--ast-global-color-5)","background-image":"","background-repeat":"repeat","background-position":"center center","background-size":"auto","background-attachment":"scroll","background-type":"","background-media":"","overlay-type":"","overlay-color":"","overlay-opacity":"","overlay-gradient":""},"tablet":{"background-color":"var(--ast-global-color-5)","background-image":"","background-repeat":"repeat","background-position":"center center","background-size":"auto","background-attachment":"scroll","background-type":"","background-media":"","overlay-type":"","overlay-color":"","overlay-opacity":"","overlay-gradient":""},"mobile":{"background-color":"var(--ast-global-color-5)","background-image":"","background-repeat":"repeat","background-position":"center center","background-size":"auto","background-attachment":"scroll","background-type":"","background-media":"","overlay-type":"","overlay-color":"","overlay-opacity":"","overlay-gradient":""}},"footnotes":""},"class_list":["post-1317","page","type-page","status-publish","hentry"],"_links":{"self":[{"href":"https:\/\/mrrocpedidos.es\/es\/wp-json\/wp\/v2\/pages\/1317","targetHints":{"allow":["GET"]}}],"collection":[{"href":"https:\/\/mrrocpedidos.es\/es\/wp-json\/wp\/v2\/pages"}],"about":[{"href":"https:\/\/mrrocpedidos.es\/es\/wp-json\/wp\/v2\/types\/page"}],"author":[{"embeddable":true,"href":"https:\/\/mrrocpedidos.es\/es\/wp-json\/wp\/v2\/users\/1"}],"replies":[{"embeddable":true,"href":"https:\/\/mrrocpedidos.es\/es\/wp-json\/wp\/v2\/comments?post=1317"}],"version-history":[{"count":7,"href":"https:\/\/mrrocpedidos.es\/es\/wp-json\/wp\/v2\/pages\/1317\/revisions"}],"predecessor-version":[{"id":1419,"href":"https:\/\/mrrocpedidos.es\/es\/wp-json\/wp\/v2\/pages\/1317\/revisions\/1419"}],"wp:attachment":[{"href":"https:\/\/mrrocpedidos.es\/es\/wp-json\/wp\/v2\/media?parent=1317"}],"curies":[{"name":"wp","href":"https:\/\/api.w.org\/{rel}","templated":true}]}}