{"id":1322,"date":"2025-02-10T16:53:12","date_gmt":"2025-02-10T16:53:12","guid":{"rendered":"https:\/\/mrrocpedidos.es\/?page_id=1322"},"modified":"2025-02-12T14:29:44","modified_gmt":"2025-02-12T14:29:44","slug":"cates-personalitzades","status":"publish","type":"page","link":"https:\/\/mrrocpedidos.es\/es\/cates-personalitzades\/","title":{"rendered":"Catas personalizadas"},"content":{"rendered":"<div data-elementor-type=\"wp-page\" data-elementor-id=\"1322\" class=\"elementor elementor-1322\" data-elementor-post-type=\"page\">\n\t\t\t\t<div class=\"elementor-element elementor-element-2c53e5f e-con-full e-flex e-con e-parent\" data-id=\"2c53e5f\" data-element_type=\"container\" data-settings=\"{&quot;background_background&quot;:&quot;classic&quot;}\">\n\t\t<div class=\"elementor-element elementor-element-565708e e-con-full e-flex e-con e-child\" data-id=\"565708e\" data-element_type=\"container\">\n\t\t<div class=\"elementor-element elementor-element-f29b445 e-con-full e-flex e-con e-child\" data-id=\"f29b445\" data-element_type=\"container\">\n\t\t<div class=\"elementor-element elementor-element-e17d7ab e-con-full e-flex e-con e-child\" data-id=\"e17d7ab\" data-element_type=\"container\">\n\t\t\t\t<div class=\"elementor-element elementor-element-151b127 elementor-widget elementor-widget-heading\" data-id=\"151b127\" data-element_type=\"widget\" data-widget_type=\"heading.default\">\n\t\t\t\t<div class=\"elementor-widget-container\">\n\t\t\t\t\t<h2 class=\"elementor-heading-title elementor-size-default\">Catas personalizadas<\/h2>\t\t\t\t<\/div>\n\t\t\t\t<\/div>\n\t\t\t\t<div class=\"elementor-element elementor-element-6f8c2d5 elementor-widget elementor-widget-heading\" data-id=\"6f8c2d5\" data-element_type=\"widget\" data-widget_type=\"heading.default\">\n\t\t\t\t<div class=\"elementor-widget-container\">\n\t\t\t\t\t<h2 class=\"elementor-heading-title elementor-size-default\">Catas personalizadas en catal\u00e1n, castellano e ingl\u00e9s en lugar de convenir.\n<\/h2>\t\t\t\t<\/div>\n\t\t\t\t<\/div>\n\t\t\t\t<\/div>\n\t\t\t\t<\/div>\n\t\t\t\t<\/div>\n\t\t<div class=\"elementor-element elementor-element-73066ba e-con-full e-flex e-con e-child\" data-id=\"73066ba\" data-element_type=\"container\" data-settings=\"{&quot;background_background&quot;:&quot;classic&quot;}\">\n\t\t<div class=\"elementor-element elementor-element-ed65022 e-con-full e-flex e-con e-child\" data-id=\"ed65022\" data-element_type=\"container\">\n\t\t\t\t<div class=\"elementor-element elementor-element-099c875 elementor-widget elementor-widget-heading\" data-id=\"099c875\" data-element_type=\"widget\" data-widget_type=\"heading.default\">\n\t\t\t\t<div class=\"elementor-widget-container\">\n\t\t\t\t\t<h2 class=\"elementor-heading-title elementor-size-default\">\u00a1Expl\u00edcanos qu\u00e9 buscas y trabajamos juntos!\n\n\n<\/h2>\t\t\t\t<\/div>\n\t\t\t\t<\/div>\n\t\t\t\t<div class=\"elementor-element elementor-element-2678c84 elementor-align-center elementor-widget elementor-widget-button\" data-id=\"2678c84\" data-element_type=\"widget\" data-widget_type=\"button.default\">\n\t\t\t\t<div class=\"elementor-widget-container\">\n\t\t\t\t\t\t\t\t\t<div class=\"elementor-button-wrapper\">\n\t\t\t\t\t<a class=\"elementor-button elementor-button-link elementor-size-sm\" href=\"https:\/\/mrrocpedidos.es\/es\/contacte\/\">\n\t\t\t\t\t\t<span class=\"elementor-button-content-wrapper\">\n\t\t\t\t\t\t\t\t\t<span class=\"elementor-button-text\">Cont\u00e1ctenos<\/span>\n\t\t\t\t\t<\/span>\n\t\t\t\t\t<\/a>\n\t\t\t\t<\/div>\n\t\t\t\t\t\t\t\t<\/div>\n\t\t\t\t<\/div>\n\t\t\t\t<\/div>\n\t\t\t\t<\/div>\n\t\t\t\t<\/div>\n\t\t\t\t<\/div>","protected":false},"excerpt":{"rendered":"<p>Cates personalitzades Cates personalitzades en catal\u00e0, castell\u00e0 i angl\u00e8s en lloc a convenir. Explica&#8217;ns qu\u00e8 busques i treballem junts! Contacteu-nos<\/p>","protected":false},"author":1,"featured_media":0,"parent":0,"menu_order":0,"comment_status":"closed","ping_status":"closed","template":"","meta":{"site-sidebar-layout":"no-sidebar","site-content-layout":"page-builder","ast-site-content-layout":"full-width-container","site-content-style":"unboxed","site-sidebar-style":"unboxed","ast-global-header-display":"","ast-banner-title-visibility":"","ast-main-header-display":"","ast-hfb-above-header-display":"","ast-hfb-below-header-display":"","ast-hfb-mobile-header-display":"","site-post-title":"disabled","ast-breadcrumbs-content":"","ast-featured-img":"disabled","footer-sml-layout":"","theme-transparent-header-meta":"enabled","adv-header-id-meta":"","stick-header-meta":"","header-above-stick-meta":"","header-main-stick-meta":"","header-below-stick-meta":"","astra-migrate-meta-layouts":"set","ast-page-background-enabled":"default","ast-page-background-meta":{"desktop":{"background-color":"","background-image":"","background-repeat":"repeat","background-position":"center center","background-size":"auto","background-attachment":"scroll","background-type":"","background-media":"","overlay-type":"","overlay-color":"","overlay-opacity":"","overlay-gradient":""},"tablet":{"background-color":"","background-image":"","background-repeat":"repeat","background-position":"center center","background-size":"auto","background-attachment":"scroll","background-type":"","background-media":"","overlay-type":"","overlay-color":"","overlay-opacity":"","overlay-gradient":""},"mobile":{"background-color":"","background-image":"","background-repeat":"repeat","background-position":"center center","background-size":"auto","background-attachment":"scroll","background-type":"","background-media":"","overlay-type":"","overlay-color":"","overlay-opacity":"","overlay-gradient":""}},"ast-content-background-meta":{"desktop":{"background-color":"var(--ast-global-color-5)","background-image":"","background-repeat":"repeat","background-position":"center center","background-size":"auto","background-attachment":"scroll","background-type":"","background-media":"","overlay-type":"","overlay-color":"","overlay-opacity":"","overlay-gradient":""},"tablet":{"background-color":"var(--ast-global-color-5)","background-image":"","background-repeat":"repeat","background-position":"center center","background-size":"auto","background-attachment":"scroll","background-type":"","background-media":"","overlay-type":"","overlay-color":"","overlay-opacity":"","overlay-gradient":""},"mobile":{"background-color":"var(--ast-global-color-5)","background-image":"","background-repeat":"repeat","background-position":"center center","background-size":"auto","background-attachment":"scroll","background-type":"","background-media":"","overlay-type":"","overlay-color":"","overlay-opacity":"","overlay-gradient":""}},"footnotes":""},"class_list":["post-1322","page","type-page","status-publish","hentry"],"_links":{"self":[{"href":"https:\/\/mrrocpedidos.es\/es\/wp-json\/wp\/v2\/pages\/1322","targetHints":{"allow":["GET"]}}],"collection":[{"href":"https:\/\/mrrocpedidos.es\/es\/wp-json\/wp\/v2\/pages"}],"about":[{"href":"https:\/\/mrrocpedidos.es\/es\/wp-json\/wp\/v2\/types\/page"}],"author":[{"embeddable":true,"href":"https:\/\/mrrocpedidos.es\/es\/wp-json\/wp\/v2\/users\/1"}],"replies":[{"embeddable":true,"href":"https:\/\/mrrocpedidos.es\/es\/wp-json\/wp\/v2\/comments?post=1322"}],"version-history":[{"count":7,"href":"https:\/\/mrrocpedidos.es\/es\/wp-json\/wp\/v2\/pages\/1322\/revisions"}],"predecessor-version":[{"id":1422,"href":"https:\/\/mrrocpedidos.es\/es\/wp-json\/wp\/v2\/pages\/1322\/revisions\/1422"}],"wp:attachment":[{"href":"https:\/\/mrrocpedidos.es\/es\/wp-json\/wp\/v2\/media?parent=1322"}],"curies":[{"name":"wp","href":"https:\/\/api.w.org\/{rel}","templated":true}]}}